{"id":17169,"date":"2025-08-11T17:28:36","date_gmt":"2025-08-11T15:28:36","guid":{"rendered":"https:\/\/swisswebinar.ch\/anti-korruptionsklausel\/"},"modified":"2025-08-11T17:42:53","modified_gmt":"2025-08-11T15:42:53","slug":"clausola-anticorruzione","status":"publish","type":"page","link":"https:\/\/swisswebinar.ch\/it\/clausola-anticorruzione\/","title":{"rendered":"Clausola anticorruzione"},"content":{"rendered":"\t\t<div data-elementor-type=\"wp-page\" data-elementor-id=\"17169\" class=\"elementor elementor-17169 elementor-17148\" data-elementor-post-type=\"page\">\n\t\t\t\t<div class=\"elementor-element elementor-element-2d69a676 e-con-full e-flex e-con e-parent\" data-id=\"2d69a676\" data-element_type=\"container\" data-e-type=\"container\">\n\t\t\t\t<div class=\"elementor-element elementor-element-24c09895 elementor-widget elementor-widget-heading\" data-id=\"24c09895\" data-element_type=\"widget\" data-e-type=\"widget\" data-widget_type=\"heading.default\">\n\t\t\t\t<div class=\"elementor-widget-container\">\n\t\t\t\t\t<h1 class=\"elementor-heading-title elementor-size-default\">Clausola anticorruzione<\/h1>\t\t\t\t<\/div>\n\t\t\t\t<\/div>\n\t\t\t\t<div class=\"elementor-element elementor-element-1311603d elementor-widget elementor-widget-text-editor\" data-id=\"1311603d\" data-element_type=\"widget\" data-e-type=\"widget\" data-widget_type=\"text-editor.default\">\n\t\t\t\t<div class=\"elementor-widget-container\">\n\t\t\t\t\t\t\t\t\t<p>Swisswebinar \u00e8 consapevole che l&#8217;Appaltatore \u00e8 vincolato e si atterr\u00e0 al <a href=\"https:\/\/www.justice.gov\/criminal\/criminal-fraud\/foreign-corrupt-practices-act\" target=\"_blank\" rel=\"noopener\">Foreign Corrupt Practices Act (&#8220;FCPA&#8221;) degli Stati Uniti<\/a>, al <a href=\"https:\/\/www.legislation.gov.uk\/ukpga\/2010\/23\/contents\" target=\"_blank\" rel=\"noopener\">Bribery Act (&#8220;UKBA&#8221;) del Regno Unito<\/a> e alla <a href=\"https:\/\/www.oecd.org\/en\/topics\/fighting-foreign-bribery.html\" target=\"_blank\" rel=\"noopener\">Convenzione dell&#8217;OCSE sulla lotta alla corruzione di pubblici ufficiali stranieri nelle transazioni commerciali internazionali<\/a>, nonch\u00e9 a tutte le altre <strong>leggi anticorruzione<\/strong> nazionali e locali applicabili (di seguito le &#8220;Leggi anticorruzione&#8221;).<\/p><p>Entrambe le parti dichiarano e garantiscono che nessuna persona offrir\u00e0, prometter\u00e0, dar\u00e0, accetter\u00e0, solleciter\u00e0, autorizzer\u00e0 o effettuer\u00e0 alcun pagamento, dono o altra cosa di valore, direttamente o indirettamente, allo scopo di influenzare o indurre in modo corrotto o improprio un&#8217;altra persona ad agire, astenersi dall&#8217;agire o prendere una decisione, o allo scopo di ottenere o mantenere un&#8217;attivit\u00e0 commerciale o allo scopo di ottenere un <strong>vantaggio commerciale improprio<\/strong>. Questa garanzia si estende alla <strong>corruzione di funzionari governativi<\/strong> (compresi i dipendenti di societ\u00e0 in cui il governo ha un interesse o esercita in altro modo un controllo), come questo termine viene utilizzato nel <strong>FCPA<\/strong>, nonch\u00e9 alla corruzione di privati e organizzazioni in ambito civile. <\/p><p>Inoltre, questa garanzia si estende ai pagamenti (anche se di modesta entit\u00e0) a funzionari governativi per accelerare o garantire compiti di routine e non discrezionali (ad esempio, il rilascio di visti, licenze e permessi). Entrambe le parti garantiscono che nessuno, compresi coloro che agiscono per loro conto, offrir\u00e0, prometter\u00e0, dar\u00e0, accetter\u00e0, solleciter\u00e0, autorizzer\u00e0 o effettuer\u00e0 qualsiasi pagamento, regalo o altro beneficio monetario, direttamente o indirettamente, per influenzare o incoraggiare in modo corrotto o improprio qualsiasi <strong>partito politico, rappresentante di un partito politico o candidato a una carica politica<\/strong> (o una persona di contatto di una delle suddette persone) nelle loro azioni, omissioni o decisioni. <\/p><p>Swisswebinar \u00e8 consapevole che il Fornitore potr\u00e0 sospendere <strong>immediatamente<\/strong> e senza preavviso qualsiasi pagamento ai sensi dei presenti Termini nel caso in cui swisswebinar sia sotto indagine per qualsiasi suo atto o omissione, sospetto di corruzione o violazione delle leggi anti-corruzione. Inoltre, Swisswebinar \u00e8 consapevole che se l&#8217;Appaltatore viene a conoscenza di qualsiasi violazione della presente clausola o di qualsiasi legge applicabile, comprese le leggi anticorruzione, da parte di Swisswebinar, l&#8217;Appaltatore pu\u00f2 <strong>risolvere<\/strong> i presenti Termini e interrompere il supporto senza preavviso. Entrambe le parti garantiscono che qualsiasi persona che agisca in loro nome o per loro conto rispetter\u00e0 tutte le leggi applicabili in relazione ai presenti Termini, comprese le leggi anticorruzione del paese in cui ha sede la rispettiva parte. Entrambe le parti garantiscono inoltre che, qualora abbiano motivo di ritenere che i termini della presente clausola non vengano rispettati, ne daranno <strong>tempestiva comunicazione all<\/strong>&#8216;altra parte.   <\/p><p>Il Contraente pu\u00f2, a proprie spese e previo ragionevole avviso all&#8217;altra parte, incaricare un revisore dei conti per determinare se l&#8217;altra parte \u00e8 in regola con i termini del presente Accordo. Swisswebinar si impegna a concedere all&#8217;Appaltatore <strong>un ragionevole accesso ai propri libri, conti e registri<\/strong> nella misura in cui essi si riferiscono alle transazioni oggetto del presente Accordo, tenendo conto dei legittimi interessi di riservatezza. <\/p><p>Con la presente, swisswebinar dichiara e garantisce che non sar\u00e0 escluso dalla <a href=\"https:\/\/www.fda.gov\/\" target=\"_blank\" rel=\"noopener\">Food and Drug Administration (FDA) degli Stati Uniti<\/a>, da qualsiasi altra agenzia di regolamentazione o da qualsiasi altra legge applicabile, o che non gli sar\u00e0 altrimenti vietato da alcuna agenzia governativa di partecipare a qualsiasi programma sanitario governativo durante la durata del presente Contratto.<\/p>\t\t\t\t\t\t\t\t<\/div>\n\t\t\t\t<\/div>\n\t\t\t\t<\/div>\n\t\t\t\t<\/div>\n\t\t","protected":false},"excerpt":{"rendered":"<p>Clausola anticorruzione Swisswebinar \u00e8 consapevole che l&#8217;Appaltatore \u00e8 vincolato e si atterr\u00e0 al Foreign Corrupt Practices Act (&#8220;FCPA&#8221;) degli Stati Uniti, al Bribery Act (&#8220;UKBA&#8221;) del Regno Unito e alla Convenzione dell&#8217;OCSE sulla lotta alla corruzione di pubblici ufficiali stranieri nelle transazioni commerciali internazionali, nonch\u00e9 a tutte le altre leggi anticorruzione nazionali e locali applicabili [&hellip;]<\/p>\n","protected":false},"author":4,"featured_media":0,"parent":0,"menu_order":0,"comment_status":"closed","ping_status":"closed","template":"","meta":{"_acf_changed":false,"footnotes":""},"class_list":["post-17169","page","type-page","status-publish","hentry"],"acf":[],"yoast_head":"<!-- This site is optimized with the Yoast SEO plugin v27.2 - https:\/\/yoast.com\/product\/yoast-seo-wordpress\/ -->\n<title>Clausola anticorruzione | swisswebinar<\/title>\n<meta name=\"description\" content=\"Integrit\u00e0 in swisswebinar: conformit\u00e0 con FCPA, UK Bribery Act, Convenzione OCSE e leggi anticorruzione applicabili.\" \/>\n<meta name=\"robots\" content=\"index, nofollow, max-snippet:-1, max-image-preview:large, max-video-preview:-1\" \/>\n<link rel=\"canonical\" href=\"https:\/\/swisswebinar.ch\/it\/clausola-anticorruzione\/\" \/>\n<meta property=\"og:locale\" content=\"it_IT\" \/>\n<meta property=\"og:type\" content=\"article\" \/>\n<meta property=\"og:title\" content=\"Clausola anticorruzione | swisswebinar\" \/>\n<meta property=\"og:description\" content=\"Integrit\u00e0 in swisswebinar: conformit\u00e0 con FCPA, UK Bribery Act, Convenzione OCSE e leggi anticorruzione applicabili.\" \/>\n<meta property=\"og:url\" content=\"https:\/\/swisswebinar.ch\/it\/clausola-anticorruzione\/\" \/>\n<meta property=\"og:site_name\" content=\"swisswebinar\" \/>\n<meta property=\"article:modified_time\" content=\"2025-08-11T15:42:53+00:00\" \/>\n<meta name=\"twitter:card\" content=\"summary_large_image\" \/>\n<meta name=\"twitter:label1\" content=\"Tempo di lettura stimato\" \/>\n\t<meta name=\"twitter:data1\" content=\"3 minuti\" \/>\n<script type=\"application\/ld+json\" class=\"yoast-schema-graph\">{\"@context\":\"https:\/\/schema.org\",\"@graph\":[{\"@type\":\"WebPage\",\"@id\":\"https:\/\/swisswebinar.ch\/it\/clausola-anticorruzione\/\",\"url\":\"https:\/\/swisswebinar.ch\/it\/clausola-anticorruzione\/\",\"name\":\"Clausola anticorruzione | swisswebinar\",\"isPartOf\":{\"@id\":\"https:\/\/swisswebinar.ch\/it\/#website\"},\"datePublished\":\"2025-08-11T15:28:36+00:00\",\"dateModified\":\"2025-08-11T15:42:53+00:00\",\"description\":\"Integrit\u00e0 in swisswebinar: conformit\u00e0 con FCPA, UK Bribery Act, Convenzione OCSE e leggi anticorruzione applicabili.\",\"breadcrumb\":{\"@id\":\"https:\/\/swisswebinar.ch\/it\/clausola-anticorruzione\/#breadcrumb\"},\"inLanguage\":\"it-IT\",\"potentialAction\":[{\"@type\":\"ReadAction\",\"target\":[\"https:\/\/swisswebinar.ch\/it\/clausola-anticorruzione\/\"]}]},{\"@type\":\"BreadcrumbList\",\"@id\":\"https:\/\/swisswebinar.ch\/it\/clausola-anticorruzione\/#breadcrumb\",\"itemListElement\":[{\"@type\":\"ListItem\",\"position\":1,\"name\":\"Startseite\",\"item\":\"https:\/\/swisswebinar.ch\/it\/\"},{\"@type\":\"ListItem\",\"position\":2,\"name\":\"Clausola anticorruzione\"}]},{\"@type\":\"WebSite\",\"@id\":\"https:\/\/swisswebinar.ch\/it\/#website\",\"url\":\"https:\/\/swisswebinar.ch\/it\/\",\"name\":\"swisswebinar\",\"description\":\"Healthcare-Seminare Online\",\"publisher\":{\"@id\":\"https:\/\/swisswebinar.ch\/it\/#organization\"},\"potentialAction\":[{\"@type\":\"SearchAction\",\"target\":{\"@type\":\"EntryPoint\",\"urlTemplate\":\"https:\/\/swisswebinar.ch\/it\/?s={search_term_string}\"},\"query-input\":{\"@type\":\"PropertyValueSpecification\",\"valueRequired\":true,\"valueName\":\"search_term_string\"}}],\"inLanguage\":\"it-IT\"},{\"@type\":\"Organization\",\"@id\":\"https:\/\/swisswebinar.ch\/it\/#organization\",\"name\":\"swisswebinar\",\"alternateName\":\"swisswebinar GmbH\",\"url\":\"https:\/\/swisswebinar.ch\/it\/\",\"logo\":{\"@type\":\"ImageObject\",\"inLanguage\":\"it-IT\",\"@id\":\"https:\/\/swisswebinar.ch\/it\/#\/schema\/logo\/image\/\",\"url\":\"https:\/\/swisswebinar.ch\/wp-content\/uploads\/2025\/02\/favicon.png\",\"contentUrl\":\"https:\/\/swisswebinar.ch\/wp-content\/uploads\/2025\/02\/favicon.png\",\"width\":513,\"height\":513,\"caption\":\"swisswebinar\"},\"image\":{\"@id\":\"https:\/\/swisswebinar.ch\/it\/#\/schema\/logo\/image\/\"}}]}<\/script>\n<!-- \/ Yoast SEO plugin. -->","yoast_head_json":{"title":"Clausola anticorruzione | swisswebinar","description":"Integrit\u00e0 in swisswebinar: conformit\u00e0 con FCPA, UK Bribery Act, Convenzione OCSE e leggi anticorruzione applicabili.","robots":{"index":"index","follow":"nofollow","max-snippet":"max-snippet:-1","max-image-preview":"max-image-preview:large","max-video-preview":"max-video-preview:-1"},"canonical":"https:\/\/swisswebinar.ch\/it\/clausola-anticorruzione\/","og_locale":"it_IT","og_type":"article","og_title":"Clausola anticorruzione | swisswebinar","og_description":"Integrit\u00e0 in swisswebinar: conformit\u00e0 con FCPA, UK Bribery Act, Convenzione OCSE e leggi anticorruzione applicabili.","og_url":"https:\/\/swisswebinar.ch\/it\/clausola-anticorruzione\/","og_site_name":"swisswebinar","article_modified_time":"2025-08-11T15:42:53+00:00","twitter_card":"summary_large_image","twitter_misc":{"Tempo di lettura stimato":"3 minuti"},"schema":{"@context":"https:\/\/schema.org","@graph":[{"@type":"WebPage","@id":"https:\/\/swisswebinar.ch\/it\/clausola-anticorruzione\/","url":"https:\/\/swisswebinar.ch\/it\/clausola-anticorruzione\/","name":"Clausola anticorruzione | swisswebinar","isPartOf":{"@id":"https:\/\/swisswebinar.ch\/it\/#website"},"datePublished":"2025-08-11T15:28:36+00:00","dateModified":"2025-08-11T15:42:53+00:00","description":"Integrit\u00e0 in swisswebinar: conformit\u00e0 con FCPA, UK Bribery Act, Convenzione OCSE e leggi anticorruzione applicabili.","breadcrumb":{"@id":"https:\/\/swisswebinar.ch\/it\/clausola-anticorruzione\/#breadcrumb"},"inLanguage":"it-IT","potentialAction":[{"@type":"ReadAction","target":["https:\/\/swisswebinar.ch\/it\/clausola-anticorruzione\/"]}]},{"@type":"BreadcrumbList","@id":"https:\/\/swisswebinar.ch\/it\/clausola-anticorruzione\/#breadcrumb","itemListElement":[{"@type":"ListItem","position":1,"name":"Startseite","item":"https:\/\/swisswebinar.ch\/it\/"},{"@type":"ListItem","position":2,"name":"Clausola anticorruzione"}]},{"@type":"WebSite","@id":"https:\/\/swisswebinar.ch\/it\/#website","url":"https:\/\/swisswebinar.ch\/it\/","name":"swisswebinar","description":"Healthcare-Seminare Online","publisher":{"@id":"https:\/\/swisswebinar.ch\/it\/#organization"},"potentialAction":[{"@type":"SearchAction","target":{"@type":"EntryPoint","urlTemplate":"https:\/\/swisswebinar.ch\/it\/?s={search_term_string}"},"query-input":{"@type":"PropertyValueSpecification","valueRequired":true,"valueName":"search_term_string"}}],"inLanguage":"it-IT"},{"@type":"Organization","@id":"https:\/\/swisswebinar.ch\/it\/#organization","name":"swisswebinar","alternateName":"swisswebinar GmbH","url":"https:\/\/swisswebinar.ch\/it\/","logo":{"@type":"ImageObject","inLanguage":"it-IT","@id":"https:\/\/swisswebinar.ch\/it\/#\/schema\/logo\/image\/","url":"https:\/\/swisswebinar.ch\/wp-content\/uploads\/2025\/02\/favicon.png","contentUrl":"https:\/\/swisswebinar.ch\/wp-content\/uploads\/2025\/02\/favicon.png","width":513,"height":513,"caption":"swisswebinar"},"image":{"@id":"https:\/\/swisswebinar.ch\/it\/#\/schema\/logo\/image\/"}}]}},"_links":{"self":[{"href":"https:\/\/swisswebinar.ch\/it\/wp-json\/wp\/v2\/pages\/17169","targetHints":{"allow":["GET"]}}],"collection":[{"href":"https:\/\/swisswebinar.ch\/it\/wp-json\/wp\/v2\/pages"}],"about":[{"href":"https:\/\/swisswebinar.ch\/it\/wp-json\/wp\/v2\/types\/page"}],"author":[{"embeddable":true,"href":"https:\/\/swisswebinar.ch\/it\/wp-json\/wp\/v2\/users\/4"}],"replies":[{"embeddable":true,"href":"https:\/\/swisswebinar.ch\/it\/wp-json\/wp\/v2\/comments?post=17169"}],"version-history":[{"count":0,"href":"https:\/\/swisswebinar.ch\/it\/wp-json\/wp\/v2\/pages\/17169\/revisions"}],"wp:attachment":[{"href":"https:\/\/swisswebinar.ch\/it\/wp-json\/wp\/v2\/media?parent=17169"}],"curies":[{"name":"wp","href":"https:\/\/api.w.org\/{rel}","templated":true}]}}