{"id":11077,"date":"2025-08-18T08:48:23","date_gmt":"2025-08-18T06:48:23","guid":{"rendered":"https:\/\/swisswebinar.ch\/impronta\/"},"modified":"2025-08-18T17:09:37","modified_gmt":"2025-08-18T15:09:37","slug":"impronta","status":"publish","type":"page","link":"https:\/\/swisswebinar.ch\/it\/impronta\/","title":{"rendered":"Impronta"},"content":{"rendered":"\t\t<div data-elementor-type=\"wp-page\" data-elementor-id=\"11077\" class=\"elementor elementor-11077 elementor-171\" data-elementor-post-type=\"page\">\n\t\t\t\t<div class=\"elementor-element elementor-element-df069ab e-flex e-con-boxed e-con e-parent\" data-id=\"df069ab\" data-element_type=\"container\" data-e-type=\"container\">\n\t\t\t\t\t<div class=\"e-con-inner\">\n\t\t\t\t<div class=\"elementor-element elementor-element-49b3604 elementor-widget elementor-widget-heading\" data-id=\"49b3604\" data-element_type=\"widget\" data-e-type=\"widget\" data-widget_type=\"heading.default\">\n\t\t\t\t<div class=\"elementor-widget-container\">\n\t\t\t\t\t<h1 class=\"elementor-heading-title elementor-size-default\">Impronta<\/h1>\t\t\t\t<\/div>\n\t\t\t\t<\/div>\n\t\t\t\t<div class=\"elementor-element elementor-element-9838af7 elementor-widget elementor-widget-text-editor\" data-id=\"9838af7\" data-element_type=\"widget\" data-e-type=\"widget\" data-widget_type=\"text-editor.default\">\n\t\t\t\t<div class=\"elementor-widget-container\">\n\t\t\t\t\t\t\t\t\t<p><strong>Responsabile dei contenuti, dell&#8217;ideazione e della realizzazione del portale online:<\/strong><\/p><p><strong>Swisswebinar GmbH<br><\/strong>Muttriweg 21<br>8855 Wangen<br>Svizzera<\/p><p><strong>E-mail:<\/strong> <a href=\"mailto:contact@swisswebinar.ch\">contact@swisswebinar.ch<\/a><br><strong>Telefono<\/strong>: +41 44 552 91 80<\/p><p>Ulteriori informazioni sull&#8217;azienda sono disponibili <a href=\"https:\/\/swisswebinar.ch\/it\/chi-siamo\/\" target=\"_blank\" rel=\"noopener\">qui<\/a>.<br><br><\/p><h3>Garanzia<\/h3><p>Ci sforziamo di fornire informazioni il pi\u00f9 possibile corrette e aggiornate. Tuttavia, possono verificarsi degli errori. I contenuti sono stati compilati con cura. Tuttavia, gli autori e gli editori non si assumono alcuna garanzia o responsabilit\u00e0 per l&#8217;accuratezza, l&#8217;affidabilit\u00e0, la completezza e l&#8217;attualit\u00e0 delle informazioni. L&#8217;uso del sito web e delle informazioni in esso contenute \u00e8 a rischio e pericolo dell&#8217;utente. Le modifiche possono essere apportate in qualsiasi momento.     <\/p><h3>Software per webinar<\/h3><p>Lavoriamo insieme allo strumento <a href=\"https:\/\/www.goto.com\/webinar\" target=\"_blank\" rel=\"noopener\">GoTo <\/a>per i webinar. L&#8217;intera applicazione funziona indipendentemente dal sito web swisswebinar. <\/p><h3>Design<\/h3><ul><li>Webdesign: <strong><a href=\"https:\/\/lemonlines.luiselaufer.design\" target=\"_blank\" rel=\"noopener\">Lemon Lines Design<\/a><\/strong><\/li><li>Testi: <strong><a href=\"https:\/\/reach-recruit.de\/\" target=\"_blank\" rel=\"noopener\">reach+recruit<\/a><\/strong><\/li><li>Foto: <strong><a href=\"https:\/\/www.pexels.com\/\" target=\"_blank\" rel=\"noopener\">Pexels<\/a><\/strong><\/li><\/ul>\t\t\t\t\t\t\t\t<\/div>\n\t\t\t\t<\/div>\n\t\t\t\t\t<\/div>\n\t\t\t\t<\/div>\n\t\t\t\t<\/div>\n\t\t","protected":false},"excerpt":{"rendered":"<p>Impronta Responsabile dei contenuti, dell&#8217;ideazione e della realizzazione del portale online: Swisswebinar GmbHMuttriweg 218855 WangenSvizzera E-mail: contact@swisswebinar.chTelefono: +41 44 552 91 80 Ulteriori informazioni sull&#8217;azienda sono disponibili qui. Garanzia Ci sforziamo di fornire informazioni il pi\u00f9 possibile corrette e aggiornate. Tuttavia, possono verificarsi degli errori. I contenuti sono stati compilati con cura. Tuttavia, gli autori [&hellip;]<\/p>\n","protected":false},"author":1,"featured_media":0,"parent":0,"menu_order":0,"comment_status":"closed","ping_status":"closed","template":"","meta":{"_acf_changed":false,"footnotes":""},"class_list":["post-11077","page","type-page","status-publish","hentry"],"acf":[],"yoast_head":"<!-- This site is optimized with the Yoast SEO plugin v27.2 - https:\/\/yoast.com\/product\/yoast-seo-wordpress\/ -->\n<title>Impronta | swisswebinar<\/title>\n<meta name=\"description\" content=\"Imprint of swisswebinar: Tutte le informazioni legali e i contatti della piattaforma per i webinar nel settore sanitario svizzero.\" \/>\n<meta name=\"robots\" content=\"index, follow, max-snippet:-1, max-image-preview:large, max-video-preview:-1\" \/>\n<link rel=\"canonical\" href=\"https:\/\/swisswebinar.ch\/it\/impronta\/\" \/>\n<meta property=\"og:locale\" content=\"it_IT\" \/>\n<meta property=\"og:type\" content=\"article\" \/>\n<meta property=\"og:title\" content=\"Impronta | swisswebinar\" \/>\n<meta property=\"og:description\" content=\"Imprint of swisswebinar: Tutte le informazioni legali e i contatti della piattaforma per i webinar nel settore sanitario svizzero.\" \/>\n<meta property=\"og:url\" content=\"https:\/\/swisswebinar.ch\/it\/impronta\/\" \/>\n<meta property=\"og:site_name\" content=\"swisswebinar\" \/>\n<meta property=\"article:modified_time\" content=\"2025-08-18T15:09:37+00:00\" \/>\n<meta name=\"twitter:card\" content=\"summary_large_image\" \/>\n<meta name=\"twitter:label1\" content=\"Tempo di lettura stimato\" \/>\n\t<meta name=\"twitter:data1\" content=\"1 minuto\" \/>\n<script type=\"application\/ld+json\" class=\"yoast-schema-graph\">{\"@context\":\"https:\/\/schema.org\",\"@graph\":[{\"@type\":\"WebPage\",\"@id\":\"https:\/\/swisswebinar.ch\/it\/impronta\/\",\"url\":\"https:\/\/swisswebinar.ch\/it\/impronta\/\",\"name\":\"Impronta | swisswebinar\",\"isPartOf\":{\"@id\":\"https:\/\/swisswebinar.ch\/it\/#website\"},\"datePublished\":\"2025-08-18T06:48:23+00:00\",\"dateModified\":\"2025-08-18T15:09:37+00:00\",\"description\":\"Imprint of swisswebinar: Tutte le informazioni legali e i contatti della piattaforma per i webinar nel settore sanitario svizzero.\",\"breadcrumb\":{\"@id\":\"https:\/\/swisswebinar.ch\/it\/impronta\/#breadcrumb\"},\"inLanguage\":\"it-IT\",\"potentialAction\":[{\"@type\":\"ReadAction\",\"target\":[\"https:\/\/swisswebinar.ch\/it\/impronta\/\"]}]},{\"@type\":\"BreadcrumbList\",\"@id\":\"https:\/\/swisswebinar.ch\/it\/impronta\/#breadcrumb\",\"itemListElement\":[{\"@type\":\"ListItem\",\"position\":1,\"name\":\"Startseite\",\"item\":\"https:\/\/swisswebinar.ch\/it\/\"},{\"@type\":\"ListItem\",\"position\":2,\"name\":\"Impronta\"}]},{\"@type\":\"WebSite\",\"@id\":\"https:\/\/swisswebinar.ch\/it\/#website\",\"url\":\"https:\/\/swisswebinar.ch\/it\/\",\"name\":\"swisswebinar\",\"description\":\"Healthcare-Seminare Online\",\"publisher\":{\"@id\":\"https:\/\/swisswebinar.ch\/it\/#organization\"},\"potentialAction\":[{\"@type\":\"SearchAction\",\"target\":{\"@type\":\"EntryPoint\",\"urlTemplate\":\"https:\/\/swisswebinar.ch\/it\/?s={search_term_string}\"},\"query-input\":{\"@type\":\"PropertyValueSpecification\",\"valueRequired\":true,\"valueName\":\"search_term_string\"}}],\"inLanguage\":\"it-IT\"},{\"@type\":\"Organization\",\"@id\":\"https:\/\/swisswebinar.ch\/it\/#organization\",\"name\":\"swisswebinar\",\"alternateName\":\"swisswebinar GmbH\",\"url\":\"https:\/\/swisswebinar.ch\/it\/\",\"logo\":{\"@type\":\"ImageObject\",\"inLanguage\":\"it-IT\",\"@id\":\"https:\/\/swisswebinar.ch\/it\/#\/schema\/logo\/image\/\",\"url\":\"https:\/\/swisswebinar.ch\/wp-content\/uploads\/2025\/02\/favicon.png\",\"contentUrl\":\"https:\/\/swisswebinar.ch\/wp-content\/uploads\/2025\/02\/favicon.png\",\"width\":513,\"height\":513,\"caption\":\"swisswebinar\"},\"image\":{\"@id\":\"https:\/\/swisswebinar.ch\/it\/#\/schema\/logo\/image\/\"}}]}<\/script>\n<!-- \/ Yoast SEO plugin. -->","yoast_head_json":{"title":"Impronta | swisswebinar","description":"Imprint of swisswebinar: Tutte le informazioni legali e i contatti della piattaforma per i webinar nel settore sanitario svizzero.","robots":{"index":"index","follow":"follow","max-snippet":"max-snippet:-1","max-image-preview":"max-image-preview:large","max-video-preview":"max-video-preview:-1"},"canonical":"https:\/\/swisswebinar.ch\/it\/impronta\/","og_locale":"it_IT","og_type":"article","og_title":"Impronta | swisswebinar","og_description":"Imprint of swisswebinar: Tutte le informazioni legali e i contatti della piattaforma per i webinar nel settore sanitario svizzero.","og_url":"https:\/\/swisswebinar.ch\/it\/impronta\/","og_site_name":"swisswebinar","article_modified_time":"2025-08-18T15:09:37+00:00","twitter_card":"summary_large_image","twitter_misc":{"Tempo di lettura stimato":"1 minuto"},"schema":{"@context":"https:\/\/schema.org","@graph":[{"@type":"WebPage","@id":"https:\/\/swisswebinar.ch\/it\/impronta\/","url":"https:\/\/swisswebinar.ch\/it\/impronta\/","name":"Impronta | swisswebinar","isPartOf":{"@id":"https:\/\/swisswebinar.ch\/it\/#website"},"datePublished":"2025-08-18T06:48:23+00:00","dateModified":"2025-08-18T15:09:37+00:00","description":"Imprint of swisswebinar: Tutte le informazioni legali e i contatti della piattaforma per i webinar nel settore sanitario svizzero.","breadcrumb":{"@id":"https:\/\/swisswebinar.ch\/it\/impronta\/#breadcrumb"},"inLanguage":"it-IT","potentialAction":[{"@type":"ReadAction","target":["https:\/\/swisswebinar.ch\/it\/impronta\/"]}]},{"@type":"BreadcrumbList","@id":"https:\/\/swisswebinar.ch\/it\/impronta\/#breadcrumb","itemListElement":[{"@type":"ListItem","position":1,"name":"Startseite","item":"https:\/\/swisswebinar.ch\/it\/"},{"@type":"ListItem","position":2,"name":"Impronta"}]},{"@type":"WebSite","@id":"https:\/\/swisswebinar.ch\/it\/#website","url":"https:\/\/swisswebinar.ch\/it\/","name":"swisswebinar","description":"Healthcare-Seminare Online","publisher":{"@id":"https:\/\/swisswebinar.ch\/it\/#organization"},"potentialAction":[{"@type":"SearchAction","target":{"@type":"EntryPoint","urlTemplate":"https:\/\/swisswebinar.ch\/it\/?s={search_term_string}"},"query-input":{"@type":"PropertyValueSpecification","valueRequired":true,"valueName":"search_term_string"}}],"inLanguage":"it-IT"},{"@type":"Organization","@id":"https:\/\/swisswebinar.ch\/it\/#organization","name":"swisswebinar","alternateName":"swisswebinar GmbH","url":"https:\/\/swisswebinar.ch\/it\/","logo":{"@type":"ImageObject","inLanguage":"it-IT","@id":"https:\/\/swisswebinar.ch\/it\/#\/schema\/logo\/image\/","url":"https:\/\/swisswebinar.ch\/wp-content\/uploads\/2025\/02\/favicon.png","contentUrl":"https:\/\/swisswebinar.ch\/wp-content\/uploads\/2025\/02\/favicon.png","width":513,"height":513,"caption":"swisswebinar"},"image":{"@id":"https:\/\/swisswebinar.ch\/it\/#\/schema\/logo\/image\/"}}]}},"_links":{"self":[{"href":"https:\/\/swisswebinar.ch\/it\/wp-json\/wp\/v2\/pages\/11077","targetHints":{"allow":["GET"]}}],"collection":[{"href":"https:\/\/swisswebinar.ch\/it\/wp-json\/wp\/v2\/pages"}],"about":[{"href":"https:\/\/swisswebinar.ch\/it\/wp-json\/wp\/v2\/types\/page"}],"author":[{"embeddable":true,"href":"https:\/\/swisswebinar.ch\/it\/wp-json\/wp\/v2\/users\/1"}],"replies":[{"embeddable":true,"href":"https:\/\/swisswebinar.ch\/it\/wp-json\/wp\/v2\/comments?post=11077"}],"version-history":[{"count":0,"href":"https:\/\/swisswebinar.ch\/it\/wp-json\/wp\/v2\/pages\/11077\/revisions"}],"wp:attachment":[{"href":"https:\/\/swisswebinar.ch\/it\/wp-json\/wp\/v2\/media?parent=11077"}],"curies":[{"name":"wp","href":"https:\/\/api.w.org\/{rel}","templated":true}]}}