{"id":17172,"date":"2025-08-11T17:28:36","date_gmt":"2025-08-11T15:28:36","guid":{"rendered":"https:\/\/swisswebinar.ch\/anti-korruptionsklausel\/"},"modified":"2025-08-11T17:43:56","modified_gmt":"2025-08-11T15:43:56","slug":"clause-anti-corruption","status":"publish","type":"page","link":"https:\/\/swisswebinar.ch\/fr\/clause-anti-corruption\/","title":{"rendered":"Clause anti-corruption"},"content":{"rendered":"\t\t<div data-elementor-type=\"wp-page\" data-elementor-id=\"17172\" class=\"elementor elementor-17172 elementor-17148\" data-elementor-post-type=\"page\">\n\t\t\t\t<div class=\"elementor-element elementor-element-2d69a676 e-con-full e-flex e-con e-parent\" data-id=\"2d69a676\" data-element_type=\"container\" data-e-type=\"container\">\n\t\t\t\t<div class=\"elementor-element elementor-element-24c09895 elementor-widget elementor-widget-heading\" data-id=\"24c09895\" data-element_type=\"widget\" data-e-type=\"widget\" data-widget_type=\"heading.default\">\n\t\t\t\t<div class=\"elementor-widget-container\">\n\t\t\t\t\t<h1 class=\"elementor-heading-title elementor-size-default\">Clause anti-corruption<\/h1>\t\t\t\t<\/div>\n\t\t\t\t<\/div>\n\t\t\t\t<div class=\"elementor-element elementor-element-1311603d elementor-widget elementor-widget-text-editor\" data-id=\"1311603d\" data-element_type=\"widget\" data-e-type=\"widget\" data-widget_type=\"text-editor.default\">\n\t\t\t\t<div class=\"elementor-widget-container\">\n\t\t\t\t\t\t\t\t\t<p>Swisswebinar comprend que le Prestataire est tenu de respecter et de se conformer au <a href=\"https:\/\/www.justice.gov\/criminal\/criminal-fraud\/foreign-corrupt-practices-act\" target=\"_blank\" rel=\"noopener\">United States Foreign Corrupt Practices Act (\u00ab\u00a0FCPA\u00a0\u00bb)<\/a>, au <a href=\"https:\/\/www.legislation.gov.uk\/ukpga\/2010\/23\/contents\" target=\"_blank\" rel=\"noopener\">United Kingdom Bribery Act (\u00ab\u00a0UKBA\u00a0\u00bb)<\/a>, et \u00e0 la <a href=\"https:\/\/www.oecd.org\/en\/topics\/fighting-foreign-bribery.html\" target=\"_blank\" rel=\"noopener\">Convention de l&rsquo;OCDE sur la lutte contre la corruption d&rsquo;agents publics \u00e9trangers dans les transactions commerciales internationales<\/a>, ainsi qu&rsquo;\u00e0 toutes les autres <strong>lois anti-corruption<\/strong> nationales et locales applicables (ci-apr\u00e8s les \u00ab\u00a0Lois anti-corruption\u00a0\u00bb).<\/p><p>Les deux parties s&rsquo;engagent \u00e0 ce que personne, m\u00eame agissant au nom ou pour le compte de quelqu&rsquo;un, n&rsquo;offre, ne promette, ne donne, n&rsquo;accepte, ne sollicite, n&rsquo;autorise ou n&rsquo;effectue un paiement, un cadeau ou tout autre avantage mon\u00e9taire, directement ou indirectement, dans le but d&rsquo;influencer ou d&rsquo;encourager une autre personne dans ses actions, omissions ou d\u00e9cisions de mani\u00e8re corrompue ou inappropri\u00e9e, ou dans le but de faciliter ou d&rsquo;obtenir une transaction ou un <strong>avantage commercial indu<\/strong>. Cette garantie couvre la <strong>corruption de fonctionnaires<\/strong> (y compris les employ\u00e9s d&rsquo;entreprises dans lesquelles le gouvernement d\u00e9tient une participation ou exerce un contr\u00f4le), telle qu&rsquo;elle est d\u00e9finie dans la <strong>loi FCPA<\/strong>, ainsi que la corruption de particuliers et d&rsquo;organisations dans le cadre du droit civil. <\/p><p>En outre, cette garantie s&rsquo;\u00e9tend aux paiements (m\u00eame minimes) effectu\u00e9s \u00e0 des fonctionnaires gouvernementaux pour acc\u00e9l\u00e9rer ou assurer des t\u00e2ches de routine et non discr\u00e9tionnaires (par exemple, la d\u00e9livrance de visas, de licences et de permis). Les deux parties garantissent que personne, m\u00eame agissant en tant que mandataire, n&rsquo;offrira, ne promettra, ne donnera, n&rsquo;acceptera, ne sollicitera, n&rsquo;autorisera ou n&rsquo;effectuera un paiement, un cadeau ou tout autre avantage mon\u00e9taire, directement ou indirectement, dans le but d&rsquo;influencer ou d&rsquo;encourager de mani\u00e8re corrompue ou inappropri\u00e9e un <strong>parti politique, un repr\u00e9sentant d&rsquo;un parti politique ou un candidat \u00e0 une fonction politique<\/strong> (ou un contact de l&rsquo;une de ces personnes) dans ses actions, omissions ou d\u00e9cisions. <\/p><p>Swisswebinar comprend que si Swisswebinar fait l&rsquo;objet d&rsquo;une enqu\u00eate pour ses actes ou omissions, pour corruption pr\u00e9sum\u00e9e ou pour violation des lois anti-corruption, l&rsquo;entrepreneur peut suspendre <strong>imm\u00e9diatement<\/strong> et sans pr\u00e9avis tout paiement en vertu de ces conditions. En outre, Swisswebinar comprend que si le Prestataire d\u00e9couvre une violation de cette clause ou de toute loi applicable, y compris les lois anti-corruption, par Swisswebinar, le Prestataire peut <strong>r\u00e9silier<\/strong> ces conditions et suspendre l&rsquo;assistance sans pr\u00e9avis. Les deux parties s&rsquo;engagent \u00e0 ce que toute personne agissant en leur nom ou pour leur compte respecte toutes les lois applicables en relation avec ces conditions, y compris les lois anti-corruption du pays dans lequel chaque partie a son si\u00e8ge social. Les deux parties s&rsquo;engagent \u00e9galement \u00e0 <strong>informer rapidement<\/strong> l&rsquo;autre partie si elles ont des raisons de penser que les conditions de cette clause ne sont pas respect\u00e9es.   <\/p><p>Le Prestataire peut, \u00e0 ses propres frais et apr\u00e8s avoir donn\u00e9 un pr\u00e9avis raisonnable \u00e0 l&rsquo;autre partie, engager un expert-comptable pour d\u00e9terminer si l&rsquo;autre partie respecte les termes du pr\u00e9sent contrat. Swisswebinar s&rsquo;engage par la pr\u00e9sente \u00e0 fournir au Prestataire <strong>un acc\u00e8s raisonnable \u00e0 ses livres, comptes et registres<\/strong>, en tenant compte des int\u00e9r\u00eats l\u00e9gitimes de confidentialit\u00e9, dans la mesure o\u00f9 ils se rapportent \u00e0 des transactions couvertes par le pr\u00e9sent Contrat. <\/p><p>Swisswebinar d\u00e9clare et garantit par la pr\u00e9sente que, pendant la dur\u00e9e du contrat, il ne sera pas exclu par la <a href=\"https:\/\/www.fda.gov\/\" target=\"_blank\" rel=\"noopener\">Food and Drug Administration (FDA) des \u00c9tats-Unis<\/a>, par un autre organisme de r\u00e9glementation ou par toute autre loi applicable, ou qu&rsquo;il ne sera pas autrement interdit par une autorit\u00e9 gouvernementale de participer \u00e0 un programme de sant\u00e9 publique.<\/p>\t\t\t\t\t\t\t\t<\/div>\n\t\t\t\t<\/div>\n\t\t\t\t<\/div>\n\t\t\t\t<\/div>\n\t\t","protected":false},"excerpt":{"rendered":"<p>Clause anti-corruption Swisswebinar comprend que le Prestataire est tenu de respecter et de se conformer au United States Foreign Corrupt Practices Act (\u00ab\u00a0FCPA\u00a0\u00bb), au United Kingdom Bribery Act (\u00ab\u00a0UKBA\u00a0\u00bb), et \u00e0 la Convention de l&rsquo;OCDE sur la lutte contre la corruption d&rsquo;agents publics \u00e9trangers dans les transactions commerciales internationales, ainsi qu&rsquo;\u00e0 toutes les autres lois [&hellip;]<\/p>\n","protected":false},"author":4,"featured_media":0,"parent":0,"menu_order":0,"comment_status":"closed","ping_status":"closed","template":"","meta":{"_acf_changed":false,"footnotes":""},"class_list":["post-17172","page","type-page","status-publish","hentry"],"acf":[],"yoast_head":"<!-- This site is optimized with the Yoast SEO plugin v27.2 - https:\/\/yoast.com\/product\/yoast-seo-wordpress\/ -->\n<title>Clause anti-corruption | swisswebinar<\/title>\n<meta name=\"description\" content=\"Int\u00e9grit\u00e9 chez Swisswebinar : respect de la FCPA, du UK Bribery Act, de la convention de l&#039;OCDE et des lois anti-corruption en vigueur.\" \/>\n<meta name=\"robots\" content=\"index, nofollow, max-snippet:-1, max-image-preview:large, max-video-preview:-1\" \/>\n<link rel=\"canonical\" href=\"https:\/\/swisswebinar.ch\/fr\/clause-anti-corruption\/\" \/>\n<meta property=\"og:locale\" content=\"fr_FR\" \/>\n<meta property=\"og:type\" content=\"article\" \/>\n<meta property=\"og:title\" content=\"Clause anti-corruption | swisswebinar\" \/>\n<meta property=\"og:description\" content=\"Int\u00e9grit\u00e9 chez Swisswebinar : respect de la FCPA, du UK Bribery Act, de la convention de l&#039;OCDE et des lois anti-corruption en vigueur.\" \/>\n<meta property=\"og:url\" content=\"https:\/\/swisswebinar.ch\/fr\/clause-anti-corruption\/\" \/>\n<meta property=\"og:site_name\" content=\"swisswebinar\" \/>\n<meta property=\"article:modified_time\" content=\"2025-08-11T15:43:56+00:00\" \/>\n<meta name=\"twitter:card\" content=\"summary_large_image\" \/>\n<meta name=\"twitter:label1\" content=\"Dur\u00e9e de lecture estim\u00e9e\" \/>\n\t<meta name=\"twitter:data1\" content=\"3 minutes\" \/>\n<script type=\"application\/ld+json\" class=\"yoast-schema-graph\">{\"@context\":\"https:\/\/schema.org\",\"@graph\":[{\"@type\":\"WebPage\",\"@id\":\"https:\/\/swisswebinar.ch\/fr\/clause-anti-corruption\/\",\"url\":\"https:\/\/swisswebinar.ch\/fr\/clause-anti-corruption\/\",\"name\":\"Clause anti-corruption | swisswebinar\",\"isPartOf\":{\"@id\":\"https:\/\/swisswebinar.ch\/fr\/#website\"},\"datePublished\":\"2025-08-11T15:28:36+00:00\",\"dateModified\":\"2025-08-11T15:43:56+00:00\",\"description\":\"Int\u00e9grit\u00e9 chez Swisswebinar : respect de la FCPA, du UK Bribery Act, de la convention de l'OCDE et des lois anti-corruption en vigueur.\",\"breadcrumb\":{\"@id\":\"https:\/\/swisswebinar.ch\/fr\/clause-anti-corruption\/#breadcrumb\"},\"inLanguage\":\"fr-FR\",\"potentialAction\":[{\"@type\":\"ReadAction\",\"target\":[\"https:\/\/swisswebinar.ch\/fr\/clause-anti-corruption\/\"]}]},{\"@type\":\"BreadcrumbList\",\"@id\":\"https:\/\/swisswebinar.ch\/fr\/clause-anti-corruption\/#breadcrumb\",\"itemListElement\":[{\"@type\":\"ListItem\",\"position\":1,\"name\":\"Startseite\",\"item\":\"https:\/\/swisswebinar.ch\/fr\/\"},{\"@type\":\"ListItem\",\"position\":2,\"name\":\"Clause anti-corruption\"}]},{\"@type\":\"WebSite\",\"@id\":\"https:\/\/swisswebinar.ch\/fr\/#website\",\"url\":\"https:\/\/swisswebinar.ch\/fr\/\",\"name\":\"swisswebinar\",\"description\":\"Healthcare-Seminare Online\",\"publisher\":{\"@id\":\"https:\/\/swisswebinar.ch\/fr\/#organization\"},\"potentialAction\":[{\"@type\":\"SearchAction\",\"target\":{\"@type\":\"EntryPoint\",\"urlTemplate\":\"https:\/\/swisswebinar.ch\/fr\/?s={search_term_string}\"},\"query-input\":{\"@type\":\"PropertyValueSpecification\",\"valueRequired\":true,\"valueName\":\"search_term_string\"}}],\"inLanguage\":\"fr-FR\"},{\"@type\":\"Organization\",\"@id\":\"https:\/\/swisswebinar.ch\/fr\/#organization\",\"name\":\"swisswebinar\",\"alternateName\":\"swisswebinar GmbH\",\"url\":\"https:\/\/swisswebinar.ch\/fr\/\",\"logo\":{\"@type\":\"ImageObject\",\"inLanguage\":\"fr-FR\",\"@id\":\"https:\/\/swisswebinar.ch\/fr\/#\/schema\/logo\/image\/\",\"url\":\"https:\/\/swisswebinar.ch\/wp-content\/uploads\/2025\/02\/favicon.png\",\"contentUrl\":\"https:\/\/swisswebinar.ch\/wp-content\/uploads\/2025\/02\/favicon.png\",\"width\":513,\"height\":513,\"caption\":\"swisswebinar\"},\"image\":{\"@id\":\"https:\/\/swisswebinar.ch\/fr\/#\/schema\/logo\/image\/\"}}]}<\/script>\n<!-- \/ Yoast SEO plugin. -->","yoast_head_json":{"title":"Clause anti-corruption | swisswebinar","description":"Int\u00e9grit\u00e9 chez Swisswebinar : respect de la FCPA, du UK Bribery Act, de la convention de l'OCDE et des lois anti-corruption en vigueur.","robots":{"index":"index","follow":"nofollow","max-snippet":"max-snippet:-1","max-image-preview":"max-image-preview:large","max-video-preview":"max-video-preview:-1"},"canonical":"https:\/\/swisswebinar.ch\/fr\/clause-anti-corruption\/","og_locale":"fr_FR","og_type":"article","og_title":"Clause anti-corruption | swisswebinar","og_description":"Int\u00e9grit\u00e9 chez Swisswebinar : respect de la FCPA, du UK Bribery Act, de la convention de l'OCDE et des lois anti-corruption en vigueur.","og_url":"https:\/\/swisswebinar.ch\/fr\/clause-anti-corruption\/","og_site_name":"swisswebinar","article_modified_time":"2025-08-11T15:43:56+00:00","twitter_card":"summary_large_image","twitter_misc":{"Dur\u00e9e de lecture estim\u00e9e":"3 minutes"},"schema":{"@context":"https:\/\/schema.org","@graph":[{"@type":"WebPage","@id":"https:\/\/swisswebinar.ch\/fr\/clause-anti-corruption\/","url":"https:\/\/swisswebinar.ch\/fr\/clause-anti-corruption\/","name":"Clause anti-corruption | swisswebinar","isPartOf":{"@id":"https:\/\/swisswebinar.ch\/fr\/#website"},"datePublished":"2025-08-11T15:28:36+00:00","dateModified":"2025-08-11T15:43:56+00:00","description":"Int\u00e9grit\u00e9 chez Swisswebinar : respect de la FCPA, du UK Bribery Act, de la convention de l'OCDE et des lois anti-corruption en vigueur.","breadcrumb":{"@id":"https:\/\/swisswebinar.ch\/fr\/clause-anti-corruption\/#breadcrumb"},"inLanguage":"fr-FR","potentialAction":[{"@type":"ReadAction","target":["https:\/\/swisswebinar.ch\/fr\/clause-anti-corruption\/"]}]},{"@type":"BreadcrumbList","@id":"https:\/\/swisswebinar.ch\/fr\/clause-anti-corruption\/#breadcrumb","itemListElement":[{"@type":"ListItem","position":1,"name":"Startseite","item":"https:\/\/swisswebinar.ch\/fr\/"},{"@type":"ListItem","position":2,"name":"Clause anti-corruption"}]},{"@type":"WebSite","@id":"https:\/\/swisswebinar.ch\/fr\/#website","url":"https:\/\/swisswebinar.ch\/fr\/","name":"swisswebinar","description":"Healthcare-Seminare Online","publisher":{"@id":"https:\/\/swisswebinar.ch\/fr\/#organization"},"potentialAction":[{"@type":"SearchAction","target":{"@type":"EntryPoint","urlTemplate":"https:\/\/swisswebinar.ch\/fr\/?s={search_term_string}"},"query-input":{"@type":"PropertyValueSpecification","valueRequired":true,"valueName":"search_term_string"}}],"inLanguage":"fr-FR"},{"@type":"Organization","@id":"https:\/\/swisswebinar.ch\/fr\/#organization","name":"swisswebinar","alternateName":"swisswebinar GmbH","url":"https:\/\/swisswebinar.ch\/fr\/","logo":{"@type":"ImageObject","inLanguage":"fr-FR","@id":"https:\/\/swisswebinar.ch\/fr\/#\/schema\/logo\/image\/","url":"https:\/\/swisswebinar.ch\/wp-content\/uploads\/2025\/02\/favicon.png","contentUrl":"https:\/\/swisswebinar.ch\/wp-content\/uploads\/2025\/02\/favicon.png","width":513,"height":513,"caption":"swisswebinar"},"image":{"@id":"https:\/\/swisswebinar.ch\/fr\/#\/schema\/logo\/image\/"}}]}},"_links":{"self":[{"href":"https:\/\/swisswebinar.ch\/fr\/wp-json\/wp\/v2\/pages\/17172","targetHints":{"allow":["GET"]}}],"collection":[{"href":"https:\/\/swisswebinar.ch\/fr\/wp-json\/wp\/v2\/pages"}],"about":[{"href":"https:\/\/swisswebinar.ch\/fr\/wp-json\/wp\/v2\/types\/page"}],"author":[{"embeddable":true,"href":"https:\/\/swisswebinar.ch\/fr\/wp-json\/wp\/v2\/users\/4"}],"replies":[{"embeddable":true,"href":"https:\/\/swisswebinar.ch\/fr\/wp-json\/wp\/v2\/comments?post=17172"}],"version-history":[{"count":0,"href":"https:\/\/swisswebinar.ch\/fr\/wp-json\/wp\/v2\/pages\/17172\/revisions"}],"wp:attachment":[{"href":"https:\/\/swisswebinar.ch\/fr\/wp-json\/wp\/v2\/media?parent=17172"}],"curies":[{"name":"wp","href":"https:\/\/api.w.org\/{rel}","templated":true}]}}