{"id":11101,"date":"2025-08-18T11:21:01","date_gmt":"2025-08-18T09:21:01","guid":{"rendered":"https:\/\/swisswebinar.ch\/directives-daccreditation\/"},"modified":"2025-08-18T15:26:24","modified_gmt":"2025-08-18T13:26:24","slug":"directives-daccreditation","status":"publish","type":"page","link":"https:\/\/swisswebinar.ch\/fr\/directives-daccreditation\/","title":{"rendered":"Directives d&rsquo;accr\u00e9ditation"},"content":{"rendered":"\t\t<div data-elementor-type=\"wp-page\" data-elementor-id=\"11101\" class=\"elementor elementor-11101 elementor-9983\" data-elementor-post-type=\"page\">\n\t\t\t\t<div class=\"elementor-element elementor-element-7576467 e-flex e-con-boxed e-con e-parent\" data-id=\"7576467\" data-element_type=\"container\" data-e-type=\"container\">\n\t\t\t\t\t<div class=\"e-con-inner\">\n\t\t\t\t<div class=\"elementor-element elementor-element-4bcbc96 elementor-widget elementor-widget-heading\" data-id=\"4bcbc96\" data-element_type=\"widget\" data-e-type=\"widget\" data-widget_type=\"heading.default\">\n\t\t\t\t<div class=\"elementor-widget-container\">\n\t\t\t\t\t<h1 class=\"elementor-heading-title elementor-size-default\">Directives pour l'accr\u00e9ditation des webinaires professionnels par swisswebinar<\/h1>\t\t\t\t<\/div>\n\t\t\t\t<\/div>\n\t\t\t\t<div class=\"elementor-element elementor-element-12c98c9 elementor-widget elementor-widget-heading\" data-id=\"12c98c9\" data-element_type=\"widget\" data-e-type=\"widget\" data-widget_type=\"heading.default\">\n\t\t\t\t<div class=\"elementor-widget-container\">\n\t\t\t\t\t<h2 class=\"elementor-heading-title elementor-size-default\">1. Dispositions g\u00e9n\u00e9rales<\/h2>\t\t\t\t<\/div>\n\t\t\t\t<\/div>\n\t\t\t\t<div class=\"elementor-element elementor-element-360cba9 elementor-widget elementor-widget-text-editor\" data-id=\"360cba9\" data-element_type=\"widget\" data-e-type=\"widget\" data-widget_type=\"text-editor.default\">\n\t\t\t\t<div class=\"elementor-widget-container\">\n\t\t\t\t\t\t\t\t\t<p>En tant que participant actif \u00e0 un webinaire professionnel, des points de formation vous sont cr\u00e9dit\u00e9s si les conditions suivantes sont remplies.<\/p><p>Les principales associations professionnelles suisses (ASCA, ASD, FPH, NVS) n&rsquo;accordent des points de formation ou des cr\u00e9dits de temps que sous certaines conditions. Vous trouverez plus de d\u00e9tails sur les modalit\u00e9s d&rsquo;accr\u00e9ditation directement aupr\u00e8s des associations concern\u00e9es. <\/p>\t\t\t\t\t\t\t\t<\/div>\n\t\t\t\t<\/div>\n\t\t\t\t<div class=\"elementor-element elementor-element-ccd7389 elementor-widget elementor-widget-heading\" data-id=\"ccd7389\" data-element_type=\"widget\" data-e-type=\"widget\" data-widget_type=\"heading.default\">\n\t\t\t\t<div class=\"elementor-widget-container\">\n\t\t\t\t\t<h2 class=\"elementor-heading-title elementor-size-default\">2. Conditions d'obtention des points de formation<\/h2>\t\t\t\t<\/div>\n\t\t\t\t<\/div>\n\t\t\t\t<div class=\"elementor-element elementor-element-fd183cf elementor-widget elementor-widget-text-editor\" data-id=\"fd183cf\" data-element_type=\"widget\" data-e-type=\"widget\" data-widget_type=\"text-editor.default\">\n\t\t\t\t<div class=\"elementor-widget-container\">\n\t\t\t\t\t\t\t\t\t<p><strong>2.1 Enregistrement valable pour les professionnels de sant\u00e9<\/strong><\/p><ul><li style=\"font-weight: 300;\" aria-level=\"1\"><span style=\"font-weight: 300;\">Pour acc\u00e9der aux webinaires professionnels accr\u00e9dit\u00e9s, vous devez d&rsquo;abord vous <strong>inscrire<\/strong> en tant que <strong>professionnel sur swisswebinar <\/strong> et cr\u00e9er un compte.<\/span><\/li><li style=\"font-weight: 300;\" aria-level=\"1\"><span style=\"font-weight: 300;\">Lors de l\u2019enregistrement, vous devrez t\u00e9l\u00e9charger une <strong>preuve de votre formation<\/strong> (par exemple, certificat de CFC, dipl\u00f4mes, attestations de formation continue).<\/span><\/li><li style=\"font-weight: 300;\" aria-level=\"1\"><span style=\"font-weight: 300;\">L\u2019\u00e9quipe de swisswebinar v\u00e9rifiera ensuite vos donn\u00e9es et vous activera.<\/span><\/li><\/ul><p><br><strong>2.2 Participation en direct requise<\/strong><\/p><ul><li>Les points de formation ou les attestations de participation ne sont attribu\u00e9s qu&rsquo;aux participants qui sont pr\u00e9sents en direct le jour du webinaire et ayant assist\u00e9 \u00e0 <strong>au moins 80 % de la session<\/strong>.<\/li><li>Les personnes qui t\u00e9l\u00e9chargent uniquement des fichiers vid\u00e9o ne re\u00e7oivent pas de points ni de cr\u00e9dits-temps.<\/li><li>En outre, il faut<strong> r\u00e9pondre \u00e0 au moins une question de vote<\/strong>.<\/li><\/ul><p><br><strong>2.3 Inscription individuelle requise pour les groupes<\/strong><\/p><ul><li><span style=\"font-weight: 300;\">Les points de formation sont attribu\u00e9s aux personnes. Si plusieurs personnes participent ensemble via un \u00e9cran, <strong>chaque personne doit <\/strong><strong>s&rsquo;inscrire et se connecter individuellement<\/strong>. <\/span><\/li><li style=\"font-weight: 300;\" aria-level=\"1\"><span style=\"font-weight: 300;\">Pour garantir une saisie correcte, les participants peuvent \u00e9galement <strong>se connecter via un appareil mobile (smartphone ou tablette)<\/strong>. L&rsquo;application GoTo permet un acc\u00e8s direct. <\/span><\/li><\/ul><p> <\/p><p><strong>2.4 Dur\u00e9e minimale et participation active<\/strong><\/p><ul><li>Un webinaire avec des points de formation doit durer <strong>au moins 45 minutes<\/strong>.<\/li><li>Les participants doivent \u00eatre <strong>pr\u00e9sents activement pendant au moins 80 % du temps de la pr\u00e9sentation<\/strong>.<\/li><li>Des <strong>questions interactives interm\u00e9diaires<\/strong> seront <strong>pos\u00e9es<\/strong> pendant le webinaire. Pour garantir votre pr\u00e9sence, vous devez obligatoirement r\u00e9pondre \u00e0 au moins une de ces questions. Si cela n&rsquo;est pas possible, vous pourrez le faire dans le chat de questions durant le webinaire.  <\/li><li>Les enregistrements de la base de donn\u00e9es sur nos serveurs sont d\u00e9terminants pour prouver le temps de pr\u00e9sence.<\/li><\/ul><p><strong><br>2.5 Exigences techniques<\/strong><\/p><ul><li style=\"font-weight: 300;\" aria-level=\"1\"><span style=\"font-weight: 300;\">Les points de formation ne sont cr\u00e9dit\u00e9s que si le webinaire est suivi activement via un navigateur web (PC, Mac, ou appareil mobile).<\/span><\/li><li style=\"font-weight: 300;\" aria-level=\"1\"><span style=\"font-weight: 300;\">Une simple participation via la fonction audio, sans activit\u00e9 \u00e0 l&rsquo;\u00e9cran, ne donne pas droit \u00e0 des points de formation.<\/span><\/li><li style=\"font-weight: 300;\" aria-level=\"1\"><span style=\"font-weight: 300;\">Veuillez vous assurer que votre navigateur ou votre appareil mobile autorise les fen\u00eatres pop-up.<\/span><\/li><li style=\"font-weight: 300;\" aria-level=\"1\"><span style=\"font-weight: 300;\">swisswebinar organise r\u00e9guli\u00e8rement des webinaires tests qui vous permettent de v\u00e9rifier votre connexion technique.<\/span><\/li><li>Vous pouvez \u00e9galement effectuer des contr\u00f4les techniques vous-m\u00eame \u00e0 tout moment :<ul><li><a href=\"https:\/\/support.goto.com\/fr\/meeting\/help\/goto-meeting-system-requirements-for-attendees\" target=\"_blank\" rel=\"noopener\">Configuration requise<\/a><\/li><li><a href=\"https:\/\/support.goto.com\/fr\/meeting\/system-check\" target=\"_blank\" rel=\"noopener\">Effectuer une v\u00e9rification du syst\u00e8me<\/a><\/li><li><a href=\"https:\/\/global.gotomeeting.com\/join\/750803053\" target=\"_blank\" rel=\"noopener\">D\u00e9marrer une session de test<\/a><\/li><\/ul><\/li><\/ul><p> <\/p><p><strong>2.6 Donn\u00e9es de connexion correctes<\/strong><\/p><ul><li>La participation est enregistr\u00e9e par le processus d&rsquo;inscription et la confirmation du lien de participation. Cette entr\u00e9e dans la base de donn\u00e9es sert de base juridique \u00e0 l&rsquo;\u00e9mission des confirmations. <\/li><li>Veillez \u00e0 fournir des informations correctes lors de l&rsquo;inscription, notamment<ul><li>Adresse \u00e9lectronique<\/li><li>Num\u00e9ro de membre de l&rsquo;association professionnelle<\/li><li>Pr\u00e9nom et nom de famille  <\/li><\/ul><\/li><li>Les informations incorrectes ou incompl\u00e8tes ne peuvent pas \u00eatre corrig\u00e9es ult\u00e9rieurement et ne donnent pas lieu \u00e0 l&rsquo;attribution de points.<\/li><\/ul><p><br>Tout recours juridique est exclu.<\/p>\t\t\t\t\t\t\t\t<\/div>\n\t\t\t\t<\/div>\n\t\t\t\t<div class=\"elementor-element elementor-element-3329bb2 elementor-widget elementor-widget-heading\" data-id=\"3329bb2\" data-element_type=\"widget\" data-e-type=\"widget\" data-widget_type=\"heading.default\">\n\t\t\t\t<div class=\"elementor-widget-container\">\n\t\t\t\t\t<h2 class=\"elementor-heading-title elementor-size-default\">3. Transmission des points de formation et des attestations de participation<\/h2>\t\t\t\t<\/div>\n\t\t\t\t<\/div>\n\t\t\t\t<div class=\"elementor-element elementor-element-c449915 elementor-widget elementor-widget-text-editor\" data-id=\"c449915\" data-element_type=\"widget\" data-e-type=\"widget\" data-widget_type=\"text-editor.default\">\n\t\t\t\t<div class=\"elementor-widget-container\">\n\t\t\t\t\t\t\t\t\t<p>\u00c0 l\u2019issue d\u2019un webinaire, les points de formation ou les attestations de participation sont transmis conform\u00e9ment au r\u00e8glement suivant :<\/p><ul><li><strong>Points ASD<\/strong>: Transmission par le client \u00e0 l&rsquo;ASD<\/li><li><strong>Points FPH<\/strong>: Transmission par le donneur d&rsquo;ordre \u00e0 l&rsquo;officine FPH<\/li><li><strong>Attestations de participation \u00e0 l&rsquo;ASCA\/RME<\/strong>: Envoi par le client ou directement par swisswebinar par e-mail<\/li><\/ul><p><br><strong>D\u00e9lai de traitement<\/strong>: La transmission peut prendre jusqu&rsquo;\u00e0 deux semaines.<\/p>\t\t\t\t\t\t\t\t<\/div>\n\t\t\t\t<\/div>\n\t\t\t\t<div class=\"elementor-element elementor-element-949fa9c elementor-widget elementor-widget-heading\" data-id=\"949fa9c\" data-element_type=\"widget\" data-e-type=\"widget\" data-widget_type=\"heading.default\">\n\t\t\t\t<div class=\"elementor-widget-container\">\n\t\t\t\t\t<h2 class=\"elementor-heading-title elementor-size-default\">4. Terminologies et d\u00e9finitions<\/h2>\t\t\t\t<\/div>\n\t\t\t\t<\/div>\n\t\t\t\t<div class=\"elementor-element elementor-element-8334df1 elementor-widget elementor-widget-text-editor\" data-id=\"8334df1\" data-element_type=\"widget\" data-e-type=\"widget\" data-widget_type=\"text-editor.default\">\n\t\t\t\t<div class=\"elementor-widget-container\">\n\t\t\t\t\t\t\t\t\t<p><strong>4.1 Dur\u00e9e d&rsquo;un webinaire<\/strong> <br>La dur\u00e9e du webinaire correspond au temps r\u00e9serv\u00e9 par un partenaire. Les associations professionnelles reconnaissent les webinaires comme formation continue s&rsquo;ils durent au moins 45 minutes. <\/p><p><strong>4.2 Temps de parole<\/strong> <br>Le temps de parole d\u00e9signe le temps de parole effectif de l&rsquo;orateur.<\/p><ul><li>Les webinaires commencent \u00e0 l&rsquo;heure indiqu\u00e9e.<\/li><li>Les notes techniques sont incluses dans le temps de pr\u00e9sentation.<\/li><li>La s\u00e9ance de questions-r\u00e9ponses qui suit n&rsquo;est pas prise en compte dans la dur\u00e9e officielle de la pr\u00e9sentation.<\/li><\/ul>\t\t\t\t\t\t\t\t<\/div>\n\t\t\t\t<\/div>\n\t\t\t\t<div class=\"elementor-element elementor-element-e03625b elementor-widget elementor-widget-heading\" data-id=\"e03625b\" data-element_type=\"widget\" data-e-type=\"widget\" data-widget_type=\"heading.default\">\n\t\t\t\t<div class=\"elementor-widget-container\">\n\t\t\t\t\t<h2 class=\"elementor-heading-title elementor-size-default\">5. Informations importantes pour les webinaires professionnels accr\u00e9dit\u00e9s<\/h2>\t\t\t\t<\/div>\n\t\t\t\t<\/div>\n\t\t\t\t<div class=\"elementor-element elementor-element-3886396 elementor-widget elementor-widget-text-editor\" data-id=\"3886396\" data-element_type=\"widget\" data-e-type=\"widget\" data-widget_type=\"text-editor.default\">\n\t\t\t\t<div class=\"elementor-widget-container\">\n\t\t\t\t\t\t\t\t\t<p><strong>5.1 Num\u00e9ro de membre de la FPH ou de l&rsquo;ASD requis<\/strong><\/p><ul><li>Lors de l&rsquo;inscription \u00e0 un webinaire professionnel valid\u00e9 avec des points de formation, le num\u00e9ro EAN personnel FPH ou ASD doit \u00eatre saisi correctement.<\/li><li>Les codes erron\u00e9s, manquants ou incomplets ne peuvent pas \u00eatre trait\u00e9s ou signal\u00e9s ult\u00e9rieurement.<\/li><\/ul><p><strong><br>5.2 Protection des donn\u00e9es<\/strong><br>Pour des raisons de protection des donn\u00e9es, nous transmettons aux entreprises partenaires uniquement <strong>le pr\u00e9nom, le nom et le num\u00e9ro de membre correspondant<\/strong>.<\/p>\t\t\t\t\t\t\t\t<\/div>\n\t\t\t\t<\/div>\n\t\t\t\t<div class=\"elementor-element elementor-element-71bb2c1 elementor-widget elementor-widget-heading\" data-id=\"71bb2c1\" data-element_type=\"widget\" data-e-type=\"widget\" data-widget_type=\"heading.default\">\n\t\t\t\t<div class=\"elementor-widget-container\">\n\t\t\t\t\t<h2 class=\"elementor-heading-title elementor-size-default\">6. Services suppl\u00e9mentaires payants (en vigueur \u00e0 partir d'avril 2025)<\/h2>\t\t\t\t<\/div>\n\t\t\t\t<\/div>\n\t\t\t\t<div class=\"elementor-element elementor-element-57b4cb1 elementor-widget elementor-widget-text-editor\" data-id=\"57b4cb1\" data-element_type=\"widget\" data-e-type=\"widget\" data-widget_type=\"text-editor.default\">\n\t\t\t\t<div class=\"elementor-widget-container\">\n\t\t\t\t\t\t\t\t\t<p><span style=\"font-weight: 300;\">En tant que participant, vous n&rsquo;avez pas de frais \u00e0 payer. Ces frais sont pris en charge par les entreprises partenaires.   <\/span><span style=\"text-align: var(--text-align);\">Toutefois, si des travaux sont effectu\u00e9s par vous en tant que participant, ces frais sont \u00e0 votre charge.<\/span><\/p><p><span style=\"text-align: var(--text-align);\">Vous payez ce service sp\u00e9cial avec votre carte de cr\u00e9dit. S&rsquo;il s&rsquo;av\u00e8re par la suite que des erreurs ont \u00e9t\u00e9 caus\u00e9es par swisswebinar, les frais pay\u00e9s seront int\u00e9gralement cr\u00e9dit\u00e9s sur votre carte de cr\u00e9dit. <\/span><\/p><p><span style=\"font-weight: 300;\">Avant de r\u00e9server une telle assistance payante, consultez notre <a href=\"https:\/\/swisswebinar.ch\/fr\/faq\/#anbieter\" target=\"_blank\" rel=\"noopener\">FAQ.<\/a> De nombreuses aides y sont d\u00e9j\u00e0 d\u00e9crites. <\/span><\/p><p><span style=\"font-weight: 300;\">Des frais sont appliqu\u00e9s pour les services sp\u00e9ciaux suivants:<\/span><\/p><ul><li><strong>D\u00e9livrance ult\u00e9rieure de certificats: 25 CHF<\/strong><\/li><li><strong>Liste ult\u00e9rieure des webinaires suivis: 35 CHF<\/strong><ul><li>Fournir un aper\u00e7u des webinaires suivis (sans les certificats).<\/li><li>R\u00e9troactif jusqu&rsquo;\u00e0 360 jours maximum apr\u00e8s le d\u00e9p\u00f4t de la demande.<\/li><\/ul><\/li><li><strong>Assistance \u00e0 la connexion\/r\u00e9servation de webinaires : 45 CHF (45 minutes maximum)<\/strong> <br>Assistance \u00e0 l&rsquo;acc\u00e8s et au processus de r\u00e9servation de webinaires.<\/li><\/ul>\t\t\t\t\t\t\t\t<\/div>\n\t\t\t\t<\/div>\n\t\t\t\t\t<\/div>\n\t\t\t\t<\/div>\n\t\t\t\t<\/div>\n\t\t","protected":false},"excerpt":{"rendered":"<p>Directives pour l&rsquo;accr\u00e9ditation des webinaires professionnels par swisswebinar 1. Dispositions g\u00e9n\u00e9rales En tant que participant actif \u00e0 un webinaire professionnel, des points de formation vous sont cr\u00e9dit\u00e9s si les conditions suivantes sont remplies. Les principales associations professionnelles suisses (ASCA, ASD, FPH, NVS) n&rsquo;accordent des points de formation ou des cr\u00e9dits de temps que sous certaines [&hellip;]<\/p>\n","protected":false},"author":1,"featured_media":0,"parent":0,"menu_order":0,"comment_status":"closed","ping_status":"closed","template":"","meta":{"_acf_changed":false,"footnotes":""},"class_list":["post-11101","page","type-page","status-publish","hentry"],"acf":[],"yoast_head":"<!-- This site is optimized with the Yoast SEO plugin v27.2 - https:\/\/yoast.com\/product\/yoast-seo-wordpress\/ -->\n<title>Directives pour l&#039;accr\u00e9ditation des webinaires | swisswebinar<\/title>\n<meta name=\"description\" content=\"Avec l&#039;accr\u00e9ditation swisswebinar, les professionnels peuvent faire reconna\u00eetre officiellement les participations aux webinaires aupr\u00e8s de l&#039;ASCA, de l&#039;ASD, de la FPH ou de la NVS.\" \/>\n<meta name=\"robots\" content=\"index, follow, max-snippet:-1, max-image-preview:large, max-video-preview:-1\" \/>\n<link rel=\"canonical\" href=\"https:\/\/swisswebinar.ch\/fr\/directives-daccreditation\/\" \/>\n<meta property=\"og:locale\" content=\"fr_FR\" \/>\n<meta property=\"og:type\" content=\"article\" \/>\n<meta property=\"og:title\" content=\"Directives pour l&#039;accr\u00e9ditation des webinaires | swisswebinar\" \/>\n<meta property=\"og:description\" content=\"Avec l&#039;accr\u00e9ditation swisswebinar, les professionnels peuvent faire reconna\u00eetre officiellement les participations aux webinaires aupr\u00e8s de l&#039;ASCA, de l&#039;ASD, de la FPH ou de la NVS.\" \/>\n<meta property=\"og:url\" content=\"https:\/\/swisswebinar.ch\/fr\/directives-daccreditation\/\" \/>\n<meta property=\"og:site_name\" content=\"swisswebinar\" \/>\n<meta property=\"article:modified_time\" content=\"2025-08-18T13:26:24+00:00\" \/>\n<meta name=\"twitter:card\" content=\"summary_large_image\" \/>\n<meta name=\"twitter:label1\" content=\"Dur\u00e9e de lecture estim\u00e9e\" \/>\n\t<meta name=\"twitter:data1\" content=\"5 minutes\" \/>\n<script type=\"application\/ld+json\" class=\"yoast-schema-graph\">{\"@context\":\"https:\/\/schema.org\",\"@graph\":[{\"@type\":\"WebPage\",\"@id\":\"https:\/\/swisswebinar.ch\/fr\/directives-daccreditation\/\",\"url\":\"https:\/\/swisswebinar.ch\/fr\/directives-daccreditation\/\",\"name\":\"Directives pour l'accr\u00e9ditation des webinaires | swisswebinar\",\"isPartOf\":{\"@id\":\"https:\/\/swisswebinar.ch\/fr\/#website\"},\"datePublished\":\"2025-08-18T09:21:01+00:00\",\"dateModified\":\"2025-08-18T13:26:24+00:00\",\"description\":\"Avec l'accr\u00e9ditation swisswebinar, les professionnels peuvent faire reconna\u00eetre officiellement les participations aux webinaires aupr\u00e8s de l'ASCA, de l'ASD, de la FPH ou de la NVS.\",\"breadcrumb\":{\"@id\":\"https:\/\/swisswebinar.ch\/fr\/directives-daccreditation\/#breadcrumb\"},\"inLanguage\":\"fr-FR\",\"potentialAction\":[{\"@type\":\"ReadAction\",\"target\":[\"https:\/\/swisswebinar.ch\/fr\/directives-daccreditation\/\"]}]},{\"@type\":\"BreadcrumbList\",\"@id\":\"https:\/\/swisswebinar.ch\/fr\/directives-daccreditation\/#breadcrumb\",\"itemListElement\":[{\"@type\":\"ListItem\",\"position\":1,\"name\":\"Startseite\",\"item\":\"https:\/\/swisswebinar.ch\/fr\/\"},{\"@type\":\"ListItem\",\"position\":2,\"name\":\"Directives d&rsquo;accr\u00e9ditation\"}]},{\"@type\":\"WebSite\",\"@id\":\"https:\/\/swisswebinar.ch\/fr\/#website\",\"url\":\"https:\/\/swisswebinar.ch\/fr\/\",\"name\":\"swisswebinar\",\"description\":\"Healthcare-Seminare Online\",\"publisher\":{\"@id\":\"https:\/\/swisswebinar.ch\/fr\/#organization\"},\"potentialAction\":[{\"@type\":\"SearchAction\",\"target\":{\"@type\":\"EntryPoint\",\"urlTemplate\":\"https:\/\/swisswebinar.ch\/fr\/?s={search_term_string}\"},\"query-input\":{\"@type\":\"PropertyValueSpecification\",\"valueRequired\":true,\"valueName\":\"search_term_string\"}}],\"inLanguage\":\"fr-FR\"},{\"@type\":\"Organization\",\"@id\":\"https:\/\/swisswebinar.ch\/fr\/#organization\",\"name\":\"swisswebinar\",\"alternateName\":\"swisswebinar GmbH\",\"url\":\"https:\/\/swisswebinar.ch\/fr\/\",\"logo\":{\"@type\":\"ImageObject\",\"inLanguage\":\"fr-FR\",\"@id\":\"https:\/\/swisswebinar.ch\/fr\/#\/schema\/logo\/image\/\",\"url\":\"https:\/\/swisswebinar.ch\/wp-content\/uploads\/2025\/02\/favicon.png\",\"contentUrl\":\"https:\/\/swisswebinar.ch\/wp-content\/uploads\/2025\/02\/favicon.png\",\"width\":513,\"height\":513,\"caption\":\"swisswebinar\"},\"image\":{\"@id\":\"https:\/\/swisswebinar.ch\/fr\/#\/schema\/logo\/image\/\"}}]}<\/script>\n<!-- \/ Yoast SEO plugin. -->","yoast_head_json":{"title":"Directives pour l'accr\u00e9ditation des webinaires | swisswebinar","description":"Avec l'accr\u00e9ditation swisswebinar, les professionnels peuvent faire reconna\u00eetre officiellement les participations aux webinaires aupr\u00e8s de l'ASCA, de l'ASD, de la FPH ou de la NVS.","robots":{"index":"index","follow":"follow","max-snippet":"max-snippet:-1","max-image-preview":"max-image-preview:large","max-video-preview":"max-video-preview:-1"},"canonical":"https:\/\/swisswebinar.ch\/fr\/directives-daccreditation\/","og_locale":"fr_FR","og_type":"article","og_title":"Directives pour l'accr\u00e9ditation des webinaires | swisswebinar","og_description":"Avec l'accr\u00e9ditation swisswebinar, les professionnels peuvent faire reconna\u00eetre officiellement les participations aux webinaires aupr\u00e8s de l'ASCA, de l'ASD, de la FPH ou de la NVS.","og_url":"https:\/\/swisswebinar.ch\/fr\/directives-daccreditation\/","og_site_name":"swisswebinar","article_modified_time":"2025-08-18T13:26:24+00:00","twitter_card":"summary_large_image","twitter_misc":{"Dur\u00e9e de lecture estim\u00e9e":"5 minutes"},"schema":{"@context":"https:\/\/schema.org","@graph":[{"@type":"WebPage","@id":"https:\/\/swisswebinar.ch\/fr\/directives-daccreditation\/","url":"https:\/\/swisswebinar.ch\/fr\/directives-daccreditation\/","name":"Directives pour l'accr\u00e9ditation des webinaires | swisswebinar","isPartOf":{"@id":"https:\/\/swisswebinar.ch\/fr\/#website"},"datePublished":"2025-08-18T09:21:01+00:00","dateModified":"2025-08-18T13:26:24+00:00","description":"Avec l'accr\u00e9ditation swisswebinar, les professionnels peuvent faire reconna\u00eetre officiellement les participations aux webinaires aupr\u00e8s de l'ASCA, de l'ASD, de la FPH ou de la NVS.","breadcrumb":{"@id":"https:\/\/swisswebinar.ch\/fr\/directives-daccreditation\/#breadcrumb"},"inLanguage":"fr-FR","potentialAction":[{"@type":"ReadAction","target":["https:\/\/swisswebinar.ch\/fr\/directives-daccreditation\/"]}]},{"@type":"BreadcrumbList","@id":"https:\/\/swisswebinar.ch\/fr\/directives-daccreditation\/#breadcrumb","itemListElement":[{"@type":"ListItem","position":1,"name":"Startseite","item":"https:\/\/swisswebinar.ch\/fr\/"},{"@type":"ListItem","position":2,"name":"Directives d&rsquo;accr\u00e9ditation"}]},{"@type":"WebSite","@id":"https:\/\/swisswebinar.ch\/fr\/#website","url":"https:\/\/swisswebinar.ch\/fr\/","name":"swisswebinar","description":"Healthcare-Seminare Online","publisher":{"@id":"https:\/\/swisswebinar.ch\/fr\/#organization"},"potentialAction":[{"@type":"SearchAction","target":{"@type":"EntryPoint","urlTemplate":"https:\/\/swisswebinar.ch\/fr\/?s={search_term_string}"},"query-input":{"@type":"PropertyValueSpecification","valueRequired":true,"valueName":"search_term_string"}}],"inLanguage":"fr-FR"},{"@type":"Organization","@id":"https:\/\/swisswebinar.ch\/fr\/#organization","name":"swisswebinar","alternateName":"swisswebinar GmbH","url":"https:\/\/swisswebinar.ch\/fr\/","logo":{"@type":"ImageObject","inLanguage":"fr-FR","@id":"https:\/\/swisswebinar.ch\/fr\/#\/schema\/logo\/image\/","url":"https:\/\/swisswebinar.ch\/wp-content\/uploads\/2025\/02\/favicon.png","contentUrl":"https:\/\/swisswebinar.ch\/wp-content\/uploads\/2025\/02\/favicon.png","width":513,"height":513,"caption":"swisswebinar"},"image":{"@id":"https:\/\/swisswebinar.ch\/fr\/#\/schema\/logo\/image\/"}}]}},"_links":{"self":[{"href":"https:\/\/swisswebinar.ch\/fr\/wp-json\/wp\/v2\/pages\/11101","targetHints":{"allow":["GET"]}}],"collection":[{"href":"https:\/\/swisswebinar.ch\/fr\/wp-json\/wp\/v2\/pages"}],"about":[{"href":"https:\/\/swisswebinar.ch\/fr\/wp-json\/wp\/v2\/types\/page"}],"author":[{"embeddable":true,"href":"https:\/\/swisswebinar.ch\/fr\/wp-json\/wp\/v2\/users\/1"}],"replies":[{"embeddable":true,"href":"https:\/\/swisswebinar.ch\/fr\/wp-json\/wp\/v2\/comments?post=11101"}],"version-history":[{"count":0,"href":"https:\/\/swisswebinar.ch\/fr\/wp-json\/wp\/v2\/pages\/11101\/revisions"}],"wp:attachment":[{"href":"https:\/\/swisswebinar.ch\/fr\/wp-json\/wp\/v2\/media?parent=11101"}],"curies":[{"name":"wp","href":"https:\/\/api.w.org\/{rel}","templated":true}]}}